{"id":94,"date":"2013-09-04T21:57:06","date_gmt":"2013-09-04T19:57:06","guid":{"rendered":"http:\/\/meinetoepferei.de\/?page_id=94"},"modified":"2017-01-16T15:57:09","modified_gmt":"2017-01-16T13:57:09","slug":"ueber-mich","status":"publish","type":"page","link":"https:\/\/meinetoepferei.de\/?page_id=94","title":{"rendered":"\u00dcber mich"},"content":{"rendered":"<p>Vor ca. 5 Jahren bin ich das erste mal mit Ton in Ber\u00fchrung gekommen.<\/p>\n<p>Als ich feststellte wie viel Spa\u00df ich an der Arbeit mit Ton und der T\u00f6pferei hatte, beschloss ich kurz \u00fcber lang meine eigene kleine Hobbyt\u00f6pferei zu gr\u00fcnden.<\/p>\n<p>Seit August 2013 habe ich mein Hobby als Nebengewerbe angemeldet.<\/p>\n<p>Ich w\u00fcnsche viel Spa\u00df beim St\u00f6bern auf meine Seite und freue mich \u00fcber jede Resonanz.<\/p>\n<p>&nbsp;<\/p>\n<p>Mit freundlichen Gr\u00fc\u00dfen<\/p>\n<p><em>Sylvia Koch<\/em><\/p>\n","protected":false},"excerpt":{"rendered":"<p>Vor ca. 5 Jahren bin ich das erste mal mit Ton in Ber\u00fchrung gekommen. Als ich feststellte wie viel Spa\u00df ich an der Arbeit mit Ton und der T\u00f6pferei hatte, beschloss ich kurz \u00fcber lang meine eigene kleine Hobbyt\u00f6pferei zu gr\u00fcnden. Seit August 2013 habe ich mein Hobby als Nebengewerbe angemeldet. Ich w\u00fcnsche viel Spa\u00df [&hellip;]<\/p>\n","protected":false},"author":1,"featured_media":0,"parent":0,"menu_order":0,"comment_status":"open","ping_status":"open","template":"","meta":{"footnotes":""},"class_list":["post-94","page","type-page","status-publish","hentry"],"_links":{"self":[{"href":"https:\/\/meinetoepferei.de\/index.php?rest_route=\/wp\/v2\/pages\/94"}],"collection":[{"href":"https:\/\/meinetoepferei.de\/index.php?rest_route=\/wp\/v2\/pages"}],"about":[{"href":"https:\/\/meinetoepferei.de\/index.php?rest_route=\/wp\/v2\/types\/page"}],"author":[{"embeddable":true,"href":"https:\/\/meinetoepferei.de\/index.php?rest_route=\/wp\/v2\/users\/1"}],"replies":[{"embeddable":true,"href":"https:\/\/meinetoepferei.de\/index.php?rest_route=%2Fwp%2Fv2%2Fcomments&post=94"}],"version-history":[{"count":6,"href":"https:\/\/meinetoepferei.de\/index.php?rest_route=\/wp\/v2\/pages\/94\/revisions"}],"predecessor-version":[{"id":473,"href":"https:\/\/meinetoepferei.de\/index.php?rest_route=\/wp\/v2\/pages\/94\/revisions\/473"}],"wp:attachment":[{"href":"https:\/\/meinetoepferei.de\/index.php?rest_route=%2Fwp%2Fv2%2Fmedia&parent=94"}],"curies":[{"name":"wp","href":"https:\/\/api.w.org\/{rel}","templated":true}]}}